{"id":7151,"date":"2023-07-17T11:59:42","date_gmt":"2023-07-17T11:59:42","guid":{"rendered":"https:\/\/collectcar84.fr\/one-family-one-passion"},"modified":"2024-03-11T14:26:00","modified_gmt":"2024-03-11T14:26:00","slug":"one-family-one-passion","status":"publish","type":"page","link":"https:\/\/collectcar84.fr\/en\/one-family-one-passion","title":{"rendered":"One family, one passion"},"content":{"rendered":"\t\t<div data-elementor-type=\"wp-page\" data-elementor-id=\"7151\" class=\"elementor elementor-7151 elementor-4823\" data-elementor-post-type=\"page\">\n\t\t\t\t\t\t<section class=\"elementor-section elementor-top-section elementor-element elementor-element-f4914b1 elementor-section-boxed elementor-section-height-default elementor-section-height-default\" data-id=\"f4914b1\" data-element_type=\"section\" data-e-type=\"section\">\n\t\t\t\t\t\t<div class=\"elementor-container elementor-column-gap-extended\">\n\t\t\t\t\t<div class=\"elementor-column elementor-col-33 elementor-top-column elementor-element elementor-element-c2362bf\" data-id=\"c2362bf\" data-element_type=\"column\" data-e-type=\"column\">\n\t\t\t<div class=\"elementor-widget-wrap elementor-element-populated\">\n\t\t\t\t\t\t<div class=\"elementor-element elementor-element-e10b055 elementor-widget elementor-widget-image\" data-id=\"e10b055\" data-element_type=\"widget\" data-e-type=\"widget\" data-widget_type=\"image.default\">\n\t\t\t\t<div class=\"elementor-widget-container\">\n\t\t\t\t\t\t\t\t\t\t\t\t\t\t\t<img fetchpriority=\"high\" decoding=\"async\" width=\"768\" height=\"1024\" src=\"https:\/\/collectcar84.fr\/wp-content\/uploads\/2023\/07\/IMG_7403-768x1024.jpg\" class=\"attachment-large size-large wp-image-6909\" alt=\"\" srcset=\"https:\/\/collectcar84.fr\/wp-content\/uploads\/2023\/07\/IMG_7403-768x1024.jpg 768w, https:\/\/collectcar84.fr\/wp-content\/uploads\/2023\/07\/IMG_7403-225x300.jpg 225w, https:\/\/collectcar84.fr\/wp-content\/uploads\/2023\/07\/IMG_7403-1152x1536.jpg 1152w, https:\/\/collectcar84.fr\/wp-content\/uploads\/2023\/07\/IMG_7403-1536x2048.jpg 1536w, https:\/\/collectcar84.fr\/wp-content\/uploads\/2023\/07\/IMG_7403-600x800.jpg 600w, https:\/\/collectcar84.fr\/wp-content\/uploads\/2023\/07\/IMG_7403-scaled.jpg 1920w\" sizes=\"(max-width: 768px) 100vw, 768px\" \/>\t\t\t\t\t\t\t\t\t\t\t\t\t\t\t<\/div>\n\t\t\t\t<\/div>\n\t\t\t\t\t<\/div>\n\t\t<\/div>\n\t\t\t\t<div class=\"elementor-column elementor-col-66 elementor-top-column elementor-element elementor-element-d62199d\" data-id=\"d62199d\" data-element_type=\"column\" data-e-type=\"column\">\n\t\t\t<div class=\"elementor-widget-wrap elementor-element-populated\">\n\t\t\t\t\t\t<div class=\"elementor-element elementor-element-aedb829 elementor-widget elementor-widget-heading\" data-id=\"aedb829\" data-element_type=\"widget\" data-e-type=\"widget\" data-widget_type=\"heading.default\">\n\t\t\t\t<div class=\"elementor-widget-container\">\n\t\t\t\t\t<h2 class=\"elementor-heading-title elementor-size-default\">One family, one passion<\/h2>\t\t\t\t<\/div>\n\t\t\t\t<\/div>\n\t\t\t\t<div class=\"elementor-element elementor-element-350bd52 elementor-widget elementor-widget-text-editor\" data-id=\"350bd52\" data-element_type=\"widget\" data-e-type=\"widget\" data-widget_type=\"text-editor.default\">\n\t\t\t\t<div class=\"elementor-widget-container\">\n\t\t\t\t\t\t\t\t\t<p>S\u00e9bastien, passionate about mechanics, builds his son L\u00e9o&#8217;s very first electric car for children, after obtaining a kart chassis.<\/p>\n<p>A dream for L\u00e9o, a natural choice for S\u00e9bastien.<\/p>\n\t\t\t\t\t\t\t\t<\/div>\n\t\t\t\t<\/div>\n\t\t\t\t<div class=\"elementor-element elementor-element-2651283 elementor-widget elementor-widget-heading\" data-id=\"2651283\" data-element_type=\"widget\" data-e-type=\"widget\" data-widget_type=\"heading.default\">\n\t\t\t\t<div class=\"elementor-widget-container\">\n\t\t\t\t\t<h2 class=\"elementor-heading-title elementor-size-large\">The Creation<\/h2>\t\t\t\t<\/div>\n\t\t\t\t<\/div>\n\t\t\t\t<div class=\"elementor-element elementor-element-82569c1 elementor-widget elementor-widget-text-editor\" data-id=\"82569c1\" data-element_type=\"widget\" data-e-type=\"widget\" data-widget_type=\"text-editor.default\">\n\t\t\t\t<div class=\"elementor-widget-container\">\n\t\t\t\t\t\t\t\t\t<p>In 2022, an opportunity arises with the possibility of resuming the production of a BMW 328.<br \/><br \/>After extensive research and development, including retrofitting, the car takes on a new dimension: a 100% electric motor on a 6\/10th scale reproduction, bringing maximum detail to remain faithful to the original.<br \/><br \/>The desire to continue an activity that has been dormant for several years becomes a certainty with the creation of Collect&#8217;Car.<br \/><br \/>A family adventure around exceptional cars for children animates the team of enthusiasts.<\/p>\t\t\t\t\t\t\t\t<\/div>\n\t\t\t\t<\/div>\n\t\t\t\t\t<\/div>\n\t\t<\/div>\n\t\t\t\t\t<\/div>\n\t\t<\/section>\n\t\t\t\t<section class=\"elementor-section elementor-top-section elementor-element elementor-element-803e59c elementor-section-boxed elementor-section-height-default elementor-section-height-default\" data-id=\"803e59c\" data-element_type=\"section\" data-e-type=\"section\">\n\t\t\t\t\t\t<div class=\"elementor-container elementor-column-gap-default\">\n\t\t\t\t\t<div class=\"elementor-column elementor-col-100 elementor-top-column elementor-element elementor-element-9bef8c6\" data-id=\"9bef8c6\" data-element_type=\"column\" data-e-type=\"column\">\n\t\t\t<div class=\"elementor-widget-wrap elementor-element-populated\">\n\t\t\t\t\t\t<div class=\"elementor-element elementor-element-96ff956 elementor-arrows-position-inside elementor-pagination-position-outside elementor-widget elementor-widget-image-carousel\" data-id=\"96ff956\" data-element_type=\"widget\" data-e-type=\"widget\" data-settings=\"{&quot;slides_to_show&quot;:&quot;3&quot;,&quot;slides_to_scroll&quot;:&quot;3&quot;,&quot;image_spacing_custom&quot;:{&quot;unit&quot;:&quot;px&quot;,&quot;size&quot;:34,&quot;sizes&quot;:[]},&quot;slides_to_show_mobile&quot;:&quot;1&quot;,&quot;navigation&quot;:&quot;both&quot;,&quot;autoplay&quot;:&quot;yes&quot;,&quot;pause_on_hover&quot;:&quot;yes&quot;,&quot;pause_on_interaction&quot;:&quot;yes&quot;,&quot;autoplay_speed&quot;:5000,&quot;infinite&quot;:&quot;yes&quot;,&quot;speed&quot;:500,&quot;image_spacing_custom_tablet&quot;:{&quot;unit&quot;:&quot;px&quot;,&quot;size&quot;:&quot;&quot;,&quot;sizes&quot;:[]}}\" data-widget_type=\"image-carousel.default\">\n\t\t\t\t<div class=\"elementor-widget-container\">\n\t\t\t\t\t\t\t<div class=\"elementor-image-carousel-wrapper swiper\" role=\"region\" aria-roledescription=\"carousel\" aria-label=\"Image Carousel\" dir=\"ltr\">\n\t\t\t<div class=\"elementor-image-carousel swiper-wrapper\" aria-live=\"off\">\n\t\t\t\t\t\t\t\t<div class=\"swiper-slide\" role=\"group\" aria-roledescription=\"slide\" aria-label=\"1 of 5\"><figure class=\"swiper-slide-inner\"><img decoding=\"async\" class=\"swiper-slide-image\" src=\"https:\/\/collectcar84.fr\/wp-content\/uploads\/2023\/03\/1ere-voiture-seb-scaled.jpg\" alt=\"1e\u0300re voiture seb\" \/><\/figure><\/div><div class=\"swiper-slide\" role=\"group\" aria-roledescription=\"slide\" aria-label=\"2 of 5\"><figure class=\"swiper-slide-inner\"><img decoding=\"async\" class=\"swiper-slide-image\" src=\"https:\/\/collectcar84.fr\/wp-content\/uploads\/2023\/03\/Photo-Seb-chassis-scaled.jpg\" alt=\"Photo Seb chassis\" \/><\/figure><\/div><div class=\"swiper-slide\" role=\"group\" aria-roledescription=\"slide\" aria-label=\"3 of 5\"><figure class=\"swiper-slide-inner\"><img decoding=\"async\" class=\"swiper-slide-image\" src=\"https:\/\/collectcar84.fr\/wp-content\/uploads\/2023\/03\/IMG_7072-scaled.jpg\" alt=\"IMG_7072\" \/><\/figure><\/div><div class=\"swiper-slide\" role=\"group\" aria-roledescription=\"slide\" aria-label=\"4 of 5\"><figure class=\"swiper-slide-inner\"><img decoding=\"async\" class=\"swiper-slide-image\" src=\"https:\/\/collectcar84.fr\/wp-content\/uploads\/2023\/03\/6b9a1a28-1c03-4aed-a84b-f9cbff2530f1.jpg\" alt=\"6b9a1a28-1c03-4aed-a84b-f9cbff2530f1\" \/><\/figure><\/div><div class=\"swiper-slide\" role=\"group\" aria-roledescription=\"slide\" aria-label=\"5 of 5\"><figure class=\"swiper-slide-inner\"><img decoding=\"async\" class=\"swiper-slide-image\" src=\"https:\/\/collectcar84.fr\/wp-content\/uploads\/2023\/09\/IMG_8992-scaled.jpeg\" alt=\"IMG_8992\" \/><\/figure><\/div>\t\t\t<\/div>\n\t\t\t\t\t\t\t\t\t\t\t\t<div class=\"elementor-swiper-button elementor-swiper-button-prev\" role=\"button\" tabindex=\"0\">\n\t\t\t\t\t\t<i aria-hidden=\"true\" class=\"eicon-chevron-left\"><\/i>\t\t\t\t\t<\/div>\n\t\t\t\t\t<div class=\"elementor-swiper-button elementor-swiper-button-next\" role=\"button\" tabindex=\"0\">\n\t\t\t\t\t\t<i aria-hidden=\"true\" class=\"eicon-chevron-right\"><\/i>\t\t\t\t\t<\/div>\n\t\t\t\t\n\t\t\t\t\t\t\t\t\t<div class=\"swiper-pagination\"><\/div>\n\t\t\t\t\t\t\t\t\t<\/div>\n\t\t\t\t\t\t<\/div>\n\t\t\t\t<\/div>\n\t\t\t\t\t<\/div>\n\t\t<\/div>\n\t\t\t\t\t<\/div>\n\t\t<\/section>\n\t\t\t\t<\/div>\n\t\t","protected":false},"excerpt":{"rendered":"<p>One family, one passion S\u00e9bastien, passionate about mechanics, builds his son L\u00e9o&#8217;s very first electric car for children, after obtaining a kart chassis. A dream for L\u00e9o, a natural choice for S\u00e9bastien. The Creation In 2022, an opportunity arises with the possibility of resuming the production of a BMW 328. After extensive research and development, [&hellip;]<\/p>\n","protected":false},"author":1,"featured_media":0,"parent":0,"menu_order":0,"comment_status":"closed","ping_status":"closed","template":"elementor_header_footer","meta":{"_eb_attr":"","footnotes":""},"class_list":["post-7151","page","type-page","status-publish","hentry"],"_links":{"self":[{"href":"https:\/\/collectcar84.fr\/en\/wp-json\/wp\/v2\/pages\/7151","targetHints":{"allow":["GET"]}}],"collection":[{"href":"https:\/\/collectcar84.fr\/en\/wp-json\/wp\/v2\/pages"}],"about":[{"href":"https:\/\/collectcar84.fr\/en\/wp-json\/wp\/v2\/types\/page"}],"author":[{"embeddable":true,"href":"https:\/\/collectcar84.fr\/en\/wp-json\/wp\/v2\/users\/1"}],"replies":[{"embeddable":true,"href":"https:\/\/collectcar84.fr\/en\/wp-json\/wp\/v2\/comments?post=7151"}],"version-history":[{"count":25,"href":"https:\/\/collectcar84.fr\/en\/wp-json\/wp\/v2\/pages\/7151\/revisions"}],"predecessor-version":[{"id":7409,"href":"https:\/\/collectcar84.fr\/en\/wp-json\/wp\/v2\/pages\/7151\/revisions\/7409"}],"wp:attachment":[{"href":"https:\/\/collectcar84.fr\/en\/wp-json\/wp\/v2\/media?parent=7151"}],"curies":[{"name":"wp","href":"https:\/\/api.w.org\/{rel}","templated":true}]}}